{"id":2,"date":"2024-07-10T09:55:02","date_gmt":"2024-07-10T07:55:02","guid":{"rendered":"https:\/\/www.cozy-van-dorle.com\/?page_id=2"},"modified":"2024-08-03T12:14:32","modified_gmt":"2024-08-03T10:14:32","slug":"about","status":"publish","type":"page","link":"https:\/\/www.cozy-van-dorle.com\/en\/about\/","title":{"rendered":"About"},"content":{"rendered":"<div class=\"pagehero not-prose full-width content-grid\" style=\"background: white\">\n  \n  <div class=\"full-width pagehero-media\">\n          <figure class=\"pagehero__image\">\n          <img loading=\"lazy\" decoding=\"async\" width=\"864\" height=\"464\" src=\"https:\/\/www.cozy-van-dorle.com\/wp-content\/uploads\/2024\/07\/doris-wide.jpg\" class=\"pagehero__img\" alt=\"\" srcset=\"https:\/\/www.cozy-van-dorle.com\/wp-content\/uploads\/2024\/07\/doris-wide.jpg 864w, https:\/\/www.cozy-van-dorle.com\/wp-content\/uploads\/2024\/07\/doris-wide-300x161.jpg 300w, https:\/\/www.cozy-van-dorle.com\/wp-content\/uploads\/2024\/07\/doris-wide-768x412.jpg 768w, https:\/\/www.cozy-van-dorle.com\/wp-content\/uploads\/2024\/07\/doris-wide-18x10.jpg 18w, https:\/\/www.cozy-van-dorle.com\/wp-content\/uploads\/2024\/07\/doris-wide-660x354.jpg 660w, https:\/\/www.cozy-van-dorle.com\/wp-content\/uploads\/2024\/07\/doris-wide-493x265.jpg 493w\" sizes=\"auto, (max-width: 864px) 100vw, 864px\" \/>        <\/figure>\n      <\/div>\n  <div class=\"wide pagehero-content-wrapper\">\n    <div class=\"pagehero-content\">\n      <h1 class=\"pagehero__title\">About<\/h1>\n      <p class=\"pagehero__subline\">COZY VAN DORLE is a modern fashion knitwear brand - founded in 2023 by Doris Huber. With love and respect for the legacy of her family, who have been making knitwear for over 100 years, Doris is now continuing the family tradition with her own brand. <\/p>\n      <p class=\"pagehero__description\"><\/p>\n\n          <\/div>\n  <\/div>\n  \n\n  \n<\/div>\n\n\n<h2 class=\"wp-block-heading\"><strong>The Legacy<\/strong><\/h2>\n\n\n\n<p>Doris is the daughter of a master knitter who ran a successful European knitwear business under the name <em>Huber Mode und Tracht <\/em>for over 40 years. Doris grew up with knitwear, even as a little girl she \"bathed\" in mountains of balls of wool in her father's knitting mill. However, the family\u2019s love for knitting goes even deeper. The first cardigan under the <em>Huber<\/em> was created after World War I, when the single mother Maria Huber (pictured below, on the right) offered the first hand-knitted jacket to feed her two sons. When her beautiful cardigans became popular, she started mass production and, with courage and determination, established a small knitting factory and a store where she offered her goods for sale.<\/p>\n\n\n<div class=\"wp-block-image\">\n<figure class=\"aligncenter size-large\"><img loading=\"lazy\" decoding=\"async\" width=\"1024\" height=\"713\" src=\"https:\/\/www.cozy-van-dorle.com\/wp-content\/uploads\/2024\/07\/WhatsApp-Image-2024-07-10-at-09.24.13-1024x713.jpeg\" alt=\"\" class=\"wp-image-613\" srcset=\"https:\/\/www.cozy-van-dorle.com\/wp-content\/uploads\/2024\/07\/WhatsApp-Image-2024-07-10-at-09.24.13-1024x713.jpeg 1024w, https:\/\/www.cozy-van-dorle.com\/wp-content\/uploads\/2024\/07\/WhatsApp-Image-2024-07-10-at-09.24.13-300x209.jpeg 300w, https:\/\/www.cozy-van-dorle.com\/wp-content\/uploads\/2024\/07\/WhatsApp-Image-2024-07-10-at-09.24.13-768x534.jpeg 768w, https:\/\/www.cozy-van-dorle.com\/wp-content\/uploads\/2024\/07\/WhatsApp-Image-2024-07-10-at-09.24.13-18x12.jpeg 18w, https:\/\/www.cozy-van-dorle.com\/wp-content\/uploads\/2024\/07\/WhatsApp-Image-2024-07-10-at-09.24.13-660x459.jpeg 660w, https:\/\/www.cozy-van-dorle.com\/wp-content\/uploads\/2024\/07\/WhatsApp-Image-2024-07-10-at-09.24.13-493x343.jpeg 493w, https:\/\/www.cozy-van-dorle.com\/wp-content\/uploads\/2024\/07\/WhatsApp-Image-2024-07-10-at-09.24.13.jpeg 1085w\" sizes=\"auto, (max-width: 1024px) 100vw, 1024px\" \/><\/figure>\n<\/div>\n\n\n<h2 class=\"wp-block-heading\"><strong>A cardigan with history<\/strong><\/h2>\n\n\n\n<p>This history and her love for fashion led Doris to one of the most important brands in the fashion industry in 2002: German VOGUE. Doris was the head of online VOGUE for over ten years before starting her own business as a coach for women in 2017.<\/p>\n\n\n\n<p>The entrepreneur has never let go of the topic of fashion, which is why style coaching is still an essential part of her <a href=\"https:\/\/doris-huber-coaching.de\/privates-coaching\/\" target=\"_blank\" data-type=\"link\" data-id=\"https:\/\/doris-huber-coaching.de\/privates-coaching\/\" rel=\"noreferrer noopener nofollow\">coaching services<\/a>Working with women and Doris' personal preference for knitwear provided the impetus for founding COZY VAN DORLE in 2023. After all, there is one fashion piece that Doris considers to be an absolute wardrobe basic: the cardigan.<\/p>\n\n\n\n<p>But the perfect cardigan was hard to find. Doris wanted a modern, casual cardigan with an oversized look that makes her look effortlessly beautiful and can be worn by both - men and women. In short: the perfect cardigan for everyone, every day and every occasion. One for all. That's why Doris designed her own cardigan in 2023 and gave it the name COZY VAN DORLE. The first collection consists of 4 basic colors that could be combined with anything and meet the founder's high standards: high-quality wool from Italy, cozy and warm, washable and fashionably versatile. \nSince then, the cardigan has been Doris' faithful companion in all situations, from Munich to Mallorca. And reminds her of her beloved father (here in the picture) - to whom the cardigan is dedicated.<\/p>\n\n\n<div class=\"wp-block-image\">\n<figure class=\"aligncenter size-large\"><img loading=\"lazy\" decoding=\"async\" width=\"768\" height=\"1024\" src=\"https:\/\/www.cozy-van-dorle.com\/wp-content\/uploads\/2024\/07\/vater-huber-768x1024.jpg\" alt=\"\" class=\"wp-image-612\" srcset=\"https:\/\/www.cozy-van-dorle.com\/wp-content\/uploads\/2024\/07\/vater-huber-768x1024.jpg 768w, https:\/\/www.cozy-van-dorle.com\/wp-content\/uploads\/2024\/07\/vater-huber-225x300.jpg 225w, https:\/\/www.cozy-van-dorle.com\/wp-content\/uploads\/2024\/07\/vater-huber-9x12.jpg 9w, https:\/\/www.cozy-van-dorle.com\/wp-content\/uploads\/2024\/07\/vater-huber-660x880.jpg 660w, https:\/\/www.cozy-van-dorle.com\/wp-content\/uploads\/2024\/07\/vater-huber-493x657.jpg 493w, https:\/\/www.cozy-van-dorle.com\/wp-content\/uploads\/2024\/07\/vater-huber.jpg 1000w\" sizes=\"auto, (max-width: 768px) 100vw, 768px\" \/><\/figure>\n<\/div>\n\n\n<div class=\"cyvd-textteaser full-width content-grid mt-20 relative\" style=\"\">\n\n  <div class=\"full-width w-2\/3 lg:w-1\/2 absolute top-0 left-0 h-80 bg-gray-50\"><\/div>\n  <div class=\"wide cyvd-archive-description relative prose prose-lg max-w-none mt-12 lg:mt-20\">\n    <h2 class=\"text-4xl lg:text-5xl font-serif font-light text-left\">Ready for a piece of legacy?<\/h2>\n    <div class=\"bg-white p-6 lg:px-16 lg:py-8 lg:ml-24 lg:mb-12\">\n      <div class=\"page-description text-left\">\n        <p>Get your COZY VAN DORLE cardigan today:\u00a0 <a href=\"https:\/\/www.cozy-van-dorle.com\/en\/shop\/\">Shop now<\/a><\/p>\n      <\/div>\n    <\/div>\n  <\/div>\n<\/div>","protected":false},"excerpt":{"rendered":"<p>Das Verm\u00e4chtnis Doris ist die Tochter eines Strickermeisters, der unter Huber Mode und Tracht \u00fcber 40 Jahre ein international erfolgreiches Unternehmen f\u00fcr Strickmoden f\u00fchrte. Deshalb ist Doris mit Strick gro\u00df geworden, schon als kleines M\u00e4dchen hat sie in der Strickerei ihres Vaters in Bergen von Wollkn\u00e4uel \u201egebadet\u201c. Doch die Liebe dieser Familie f\u00fcr Strick geht [&hellip;]<\/p>\n","protected":false},"author":1,"featured_media":568,"parent":0,"menu_order":0,"comment_status":"closed","ping_status":"open","template":"template-fullwidth.php","meta":{"_acf_changed":false,"footnotes":""},"class_list":["post-2","page","type-page","status-publish","has-post-thumbnail","hentry"],"acf":[],"_links":{"self":[{"href":"https:\/\/www.cozy-van-dorle.com\/en\/wp-json\/wp\/v2\/pages\/2","targetHints":{"allow":["GET"]}}],"collection":[{"href":"https:\/\/www.cozy-van-dorle.com\/en\/wp-json\/wp\/v2\/pages"}],"about":[{"href":"https:\/\/www.cozy-van-dorle.com\/en\/wp-json\/wp\/v2\/types\/page"}],"author":[{"embeddable":true,"href":"https:\/\/www.cozy-van-dorle.com\/en\/wp-json\/wp\/v2\/users\/1"}],"replies":[{"embeddable":true,"href":"https:\/\/www.cozy-van-dorle.com\/en\/wp-json\/wp\/v2\/comments?post=2"}],"version-history":[{"count":20,"href":"https:\/\/www.cozy-van-dorle.com\/en\/wp-json\/wp\/v2\/pages\/2\/revisions"}],"predecessor-version":[{"id":901,"href":"https:\/\/www.cozy-van-dorle.com\/en\/wp-json\/wp\/v2\/pages\/2\/revisions\/901"}],"wp:featuredmedia":[{"embeddable":true,"href":"https:\/\/www.cozy-van-dorle.com\/en\/wp-json\/wp\/v2\/media\/568"}],"wp:attachment":[{"href":"https:\/\/www.cozy-van-dorle.com\/en\/wp-json\/wp\/v2\/media?parent=2"}],"curies":[{"name":"wp","href":"https:\/\/api.w.org\/{rel}","templated":true}]}}