{"id":257,"date":"2021-07-22T18:22:25","date_gmt":"2021-07-22T18:22:25","guid":{"rendered":"https:\/\/demo.athemes.com\/botiga\/?page_id=257"},"modified":"2024-07-31T03:04:10","modified_gmt":"2024-07-31T01:04:10","slug":"kontakt","status":"publish","type":"page","link":"https:\/\/www.cozy-van-dorle.com\/en\/kontakt\/","title":{"rendered":"Contact"},"content":{"rendered":"<div style=\"height:20px\" aria-hidden=\"true\" class=\"wp-block-spacer\"><\/div>\n\n\n\n<div style=\"height:30px\" aria-hidden=\"true\" class=\"wp-block-spacer\"><\/div>\n\n\n\n<div class=\"wp-block-columns is-layout-flex wp-container-core-columns-is-layout-28f84493 wp-block-columns-is-layout-flex\">\n<div class=\"wp-block-column is-layout-flow wp-block-column-is-layout-flow\" style=\"flex-basis:60%\">\n<h3 class=\"wp-block-heading\">Questions:<\/h3>\n\n\n\n<p>info@cozy-van-dorle.com<\/p>\n\n\n\n<h3 class=\"wp-block-heading\">Orders:<\/h3>\n\n\n\n<p>bestellung@cozy-van-dorle.com<\/p>\n<\/div>\n\n\n\n<div class=\"wp-block-column is-layout-flow wp-block-column-is-layout-flow\" style=\"flex-basis:5%\"><\/div>\n\n\n\n<div class=\"wp-block-column is-layout-flow wp-block-column-is-layout-flow\" style=\"flex-basis:35%\">\n<h3 class=\"wp-block-heading\">COZY VAN DORLE<\/h3>\n\n\n\n<p>Gert-Fr\u00f6be-Weg 2<br>82057 Icking<\/p>\n\n\n\n<p class=\"smallmargin has-small-font-size\">Telefon: +49 (0) 8178 9973332<\/p>\n\n\n\n<p class=\"smallmargin has-small-font-size\">E-MAIL: info@cozy-van-dorle.com<\/p>\n<\/div>\n<\/div>\n\n\n\n<p><\/p>","protected":false},"excerpt":{"rendered":"<p>F\u00fcr allgemeine Fragen: info@cozy-van-dorle.com F\u00fcr Bestellungen: bestellung@cozy-van-dorle.com Cozy van Dorle Gert-Fr\u00f6be-Weg 282057 Icking Telefon: +49 (0) 8178 9973332 E-MAIL: info@cozy-van-dorle.com<\/p>","protected":false},"author":1,"featured_media":0,"parent":0,"menu_order":0,"comment_status":"closed","ping_status":"closed","template":"","meta":{"_acf_changed":false,"footnotes":""},"class_list":["post-257","page","type-page","status-publish","hentry"],"acf":[],"_links":{"self":[{"href":"https:\/\/www.cozy-van-dorle.com\/en\/wp-json\/wp\/v2\/pages\/257","targetHints":{"allow":["GET"]}}],"collection":[{"href":"https:\/\/www.cozy-van-dorle.com\/en\/wp-json\/wp\/v2\/pages"}],"about":[{"href":"https:\/\/www.cozy-van-dorle.com\/en\/wp-json\/wp\/v2\/types\/page"}],"author":[{"embeddable":true,"href":"https:\/\/www.cozy-van-dorle.com\/en\/wp-json\/wp\/v2\/users\/1"}],"replies":[{"embeddable":true,"href":"https:\/\/www.cozy-van-dorle.com\/en\/wp-json\/wp\/v2\/comments?post=257"}],"version-history":[{"count":1,"href":"https:\/\/www.cozy-van-dorle.com\/en\/wp-json\/wp\/v2\/pages\/257\/revisions"}],"predecessor-version":[{"id":783,"href":"https:\/\/www.cozy-van-dorle.com\/en\/wp-json\/wp\/v2\/pages\/257\/revisions\/783"}],"wp:attachment":[{"href":"https:\/\/www.cozy-van-dorle.com\/en\/wp-json\/wp\/v2\/media?parent=257"}],"curies":[{"name":"wp","href":"https:\/\/api.w.org\/{rel}","templated":true}]}}