{"id":392,"date":"2021-07-17T07:50:38","date_gmt":"2021-07-17T07:50:38","guid":{"rendered":"https:\/\/demo.athemes.com\/botiga\/?page_id=2"},"modified":"2024-08-03T12:19:34","modified_gmt":"2024-08-03T10:19:34","slug":"care","status":"publish","type":"page","link":"https:\/\/www.cozy-van-dorle.com\/en\/care\/","title":{"rendered":"Care"},"content":{"rendered":"<div class=\"pagehero not-prose full-width content-grid\" style=\"background: white\">\n  \n  <div class=\"full-width pagehero-media\">\n          <figure class=\"pagehero__image\">\n          <img loading=\"lazy\" decoding=\"async\" width=\"1920\" height=\"2560\" src=\"https:\/\/www.cozy-van-dorle.com\/wp-content\/uploads\/2024\/07\/IMG_9338-scaled.jpg\" class=\"pagehero__img\" alt=\"\" srcset=\"https:\/\/www.cozy-van-dorle.com\/wp-content\/uploads\/2024\/07\/IMG_9338-scaled.jpg 1920w, https:\/\/www.cozy-van-dorle.com\/wp-content\/uploads\/2024\/07\/IMG_9338-225x300.jpg 225w, https:\/\/www.cozy-van-dorle.com\/wp-content\/uploads\/2024\/07\/IMG_9338-768x1024.jpg 768w, https:\/\/www.cozy-van-dorle.com\/wp-content\/uploads\/2024\/07\/IMG_9338-1152x1536.jpg 1152w, https:\/\/www.cozy-van-dorle.com\/wp-content\/uploads\/2024\/07\/IMG_9338-1536x2048.jpg 1536w, https:\/\/www.cozy-van-dorle.com\/wp-content\/uploads\/2024\/07\/IMG_9338-9x12.jpg 9w, https:\/\/www.cozy-van-dorle.com\/wp-content\/uploads\/2024\/07\/IMG_9338-660x880.jpg 660w, https:\/\/www.cozy-van-dorle.com\/wp-content\/uploads\/2024\/07\/IMG_9338-493x657.jpg 493w\" sizes=\"auto, (max-width: 1920px) 100vw, 1920px\" \/>        <\/figure>\n      <\/div>\n  <div class=\"wide pagehero-content-wrapper\">\n    <div class=\"pagehero-content\">\n      <h1 class=\"pagehero__title\">We care &#8211; You care<\/h1>\n      <p class=\"pagehero__subline\">Mmhhh, so cozy! There are a few important care tips to ensure that your cardigan stays cozy and beautiful for a long time.<\/p>\n      <p class=\"pagehero__description\"><\/p>\n\n          <\/div>\n  <\/div>\n  \n\n  \n<\/div>\n\n\n<h2 class=\"wp-block-heading\">Care<\/h2>\n\n\n\n<p>Wool is a \"living\" material, so let it breathe. This means: it's best to let your cardigan get some fresh air for half an hour (or longer) after every time you wear it.<\/p>\n\n\n\n<h2 class=\"wp-block-heading\">Washing<\/h2>\n\n\n\n<p>The COZY VAN DORLE jacket can easily be hand washed in the sink or machine washed at a maximum of 30 degrees.  It is best to use a gentle wool detergent.<\/p>\n\n\n\n<p>The soft alpaca hair loves to be lightly spun, so the fluffy hairs stand up again and the jacket is as good as new.<\/p>\n\n\n\n<p>Important note: Almost more important than the right temperature for machine washing is the low spin speed. It should not exceed 400-600 revolutions.<\/p>\n\n\n\n<h2 class=\"wp-block-heading\">Drying<\/h2>\n\n\n\n<p>If you have a tumble dryer, you can spin-dry your Cozy van Dorle jacket perfectly in the wool program for approx. 15 minutes. After that it is as good as dry. However, you should still leave it to rest for a few hours before wearing it again. The best way to do this is to pull it slightly into shape and then lay it loosely on a dry towel. If you don't have a tumble dryer, you can pull the cardigan into shape straight after washing and lay it loosely on a towel.<\/p>\n\n\n\n<h2 class=\"wp-block-heading\">Storage<\/h2>\n\n\n\n<p>Do not hang, but lay. As wool is very flexible and likes to move with you, you should not hang your cardigan. This may cause it to involuntarily become longer and longer and the shoulder area could get unpleasant \"bumps\".<\/p>\n\n\n\n<p>The best storage method for cardigans is to roll them up. Simply fold in the sleeves, fold the cardigan loosely in the middle and then roll it up. This way you can store several knitwear items in a drawer or compartment.<\/p>\n\n\n<div class=\"wp-block-image\">\n<figure class=\"aligncenter size-large\"><img loading=\"lazy\" decoding=\"async\" width=\"1024\" height=\"768\" src=\"https:\/\/www.cozy-van-dorle.com\/wp-content\/uploads\/2024\/07\/IMG_9305-1024x768.jpg\" alt=\"\" class=\"wp-image-626\" srcset=\"https:\/\/www.cozy-van-dorle.com\/wp-content\/uploads\/2024\/07\/IMG_9305-1024x768.jpg 1024w, https:\/\/www.cozy-van-dorle.com\/wp-content\/uploads\/2024\/07\/IMG_9305-300x225.jpg 300w, https:\/\/www.cozy-van-dorle.com\/wp-content\/uploads\/2024\/07\/IMG_9305-768x576.jpg 768w, https:\/\/www.cozy-van-dorle.com\/wp-content\/uploads\/2024\/07\/IMG_9305-1536x1152.jpg 1536w, https:\/\/www.cozy-van-dorle.com\/wp-content\/uploads\/2024\/07\/IMG_9305-2048x1536.jpg 2048w, https:\/\/www.cozy-van-dorle.com\/wp-content\/uploads\/2024\/07\/IMG_9305-16x12.jpg 16w, https:\/\/www.cozy-van-dorle.com\/wp-content\/uploads\/2024\/07\/IMG_9305-660x495.jpg 660w, https:\/\/www.cozy-van-dorle.com\/wp-content\/uploads\/2024\/07\/IMG_9305-493x370.jpg 493w\" sizes=\"auto, (max-width: 1024px) 100vw, 1024px\" \/><\/figure>\n<\/div>\n\n\n<h2 class=\"wp-block-heading\">The pill effect<\/h2>\n\n\n\n<p>Almost every yarn develops small patches of wool after a certain period of wearing, especially on the inside of the arms. This is perfectly normal and a sign of quality. If the \"pilling\" bothers you, you can gently pluck off the little lumps or remove them with a wool comb. Please do not use scissors!<\/p>\n\n\n\n<h2 class=\"wp-block-heading\">We care<\/h2>\n\n\n\n<p>We at COZY VAN DORLE are aware of our responsibility, which is why we attach great importance to top quality and fairness in the use of resources.<\/p>\n\n\n\n<p>We know and love our collaborators just as much as our customers. That's why our jackets are made from a high-quality Italian yarn that is spun especially for us. The CYVD cardigans consist of several threads and colors (melange) that are dyed and spun in a small yarn factory in Italy.&nbsp;<\/p>\n\n\n\n<p>We also keep transportation routes as short as possible: that\u00b4s why our knitwear is 100% designed in Germany and 100% made in Italy.<\/p>\n\n\n\n<div class=\"cyvd-textteaser full-width content-grid mt-20 relative\" style=\"\">\n\n  <div class=\"full-width w-2\/3 lg:w-1\/2 absolute top-0 left-0 h-80 bg-gray-50\"><\/div>\n  <div class=\"wide cyvd-archive-description relative prose prose-lg max-w-none mt-12 lg:mt-20\">\n    <h2 class=\"text-4xl lg:text-5xl font-serif font-light text-left\">Curious?<\/h2>\n    <div class=\"bg-white p-6 lg:px-16 lg:py-8 lg:ml-24 lg:mb-12\">\n      <div class=\"page-description text-left\">\n        <p>Get your COZY VAN DORLE cardigan today:\u00a0 <a href=\"https:\/\/www.cozy-van-dorle.com\/en\/shop\/\">Shop now<\/a><\/p>\n      <\/div>\n    <\/div>\n  <\/div>\n<\/div>","protected":false},"excerpt":{"rendered":"<p>Pflegen Wolle ist ein \u201elebendiges\u201c Material, also lass es atmen. Das hei\u00dft: Lass Deine Jacke am besten nach jedem Tragen eine halbe Stunde (oder l\u00e4nger) frische Luft schnappen. Waschen Die COZY VAN DORLE Jacke ist problemlos bei maximal 30 Grad Handw\u00e4sche im Waschbecken oder in der Maschine waschbar. &nbsp;Am besten benutzt Du ein sanftes Wollwaschmittel. [&hellip;]<\/p>\n","protected":false},"author":1,"featured_media":0,"parent":0,"menu_order":0,"comment_status":"closed","ping_status":"open","template":"template-fullwidth.php","meta":{"_acf_changed":false,"footnotes":""},"class_list":["post-392","page","type-page","status-publish","hentry"],"acf":[],"_links":{"self":[{"href":"https:\/\/www.cozy-van-dorle.com\/en\/wp-json\/wp\/v2\/pages\/392","targetHints":{"allow":["GET"]}}],"collection":[{"href":"https:\/\/www.cozy-van-dorle.com\/en\/wp-json\/wp\/v2\/pages"}],"about":[{"href":"https:\/\/www.cozy-van-dorle.com\/en\/wp-json\/wp\/v2\/types\/page"}],"author":[{"embeddable":true,"href":"https:\/\/www.cozy-van-dorle.com\/en\/wp-json\/wp\/v2\/users\/1"}],"replies":[{"embeddable":true,"href":"https:\/\/www.cozy-van-dorle.com\/en\/wp-json\/wp\/v2\/comments?post=392"}],"version-history":[{"count":13,"href":"https:\/\/www.cozy-van-dorle.com\/en\/wp-json\/wp\/v2\/pages\/392\/revisions"}],"predecessor-version":[{"id":903,"href":"https:\/\/www.cozy-van-dorle.com\/en\/wp-json\/wp\/v2\/pages\/392\/revisions\/903"}],"wp:attachment":[{"href":"https:\/\/www.cozy-van-dorle.com\/en\/wp-json\/wp\/v2\/media?parent=392"}],"curies":[{"name":"wp","href":"https:\/\/api.w.org\/{rel}","templated":true}]}}