{"id":446,"date":"2024-07-10T10:11:52","date_gmt":"2024-07-10T08:11:52","guid":{"rendered":"https:\/\/www.cozy-van-dorle.com\/impressum\/"},"modified":"2025-09-07T18:23:02","modified_gmt":"2025-09-07T16:23:02","slug":"impressum","status":"publish","type":"page","link":"https:\/\/www.cozy-van-dorle.com\/en\/impressum\/","title":{"rendered":"Imprint"},"content":{"rendered":"<p>COZY VAN DORLE<br>Doris Huber<\/p>\n\n\n\n<p>Gert-Fr\u00f6be-Weg 2<br>82057 Icking<\/p>\n\n\n\n<p>+49 (0) 8178 9973332<br>info@cozy-van-dorle.com<br>www.cozy-van-dorle.com\u2028<\/p>\n\n\n\n<p>Image Credits:<br>AI Artist: Janos Deri<br>Fotos: Olga Poppius<br>Videos: Noora Geagea<\/p>\n\n\n\n<p>Place of jurisdiction: Bad T\u00f6lz<br>Sales tax identification no.: DE281267621<\/p>\n\n\n\n<p>Responsible for content according to paragraph 6 MDStV<br>Doris Huber<\/p>\n\n\n\n<p>The structure and content of this website are protected by copyright. Any kind of reprinting or reproduction of information or data, in particular the use of texts, parts of texts, photos or graphics requires our prior consent.<\/p>\n\n\n\n<p>Liability notice:<br>Despite careful control of the content, we accept no liability for the content of external links. The operators of the linked pages are solely responsible for their content.<\/p>\n\n\n\n<p><strong>Contact<\/strong><\/p>\n\n\n\n<p>Questions:<br>info@cozy-van-dorle.com<\/p>\n\n\n\n<p>Orders:<br>bestellung@cozy-van-dorle.com<\/p>\n\n\n<div class=\"woocommerce woocommerce-gzd woocommerce-gzd-complaints-shortcode\">\n\t\t\t<h3>Alternative Dispute Resolution in accordance with Art. 14 (1) ODR-VO and \u00a7 36 VSBG:<\/h3>\n\t\n<p>The European Commission provides a platform for online dispute resolution (ODR), which you can find at <a href=\"https:\/\/ec.europa.eu\/consumers\/odr\" target=\"_blank\" rel=\"nofollow noopener\">https:\/\/ec.europa.eu\/consumers\/odr<\/a> . We are not obligated and not willing to participate in dispute resolution proceedings before a consumer arbitration board.<\/p>\n<\/div>","protected":false},"excerpt":{"rendered":"<p>Cozy van DorleDoris Huber Gert-Fr\u00f6be-Weg 282057 Icking +49 (0) 8178 9973332info@cozy-van-dorle.comwww.cozy-van-dorle.com\u2028 Bildnachweise:AI Artist: Janos DeriFotos: Olga PoppiusVideos: Noora Geagea Gerichtsstand: Bad T\u00f6lzUmsatzsteueridentifikationsnr.: DE281267621 Inhaltlich Verantwortlicher gem\u00e4\u00df Paragraph 6 MDStVDoris Huber Die Struktur und der Inhalt der Webseite sind urheberrechtlich gesch\u00fctzt. Jede Art von Nachdruck oder Vervielf\u00e4ltigung von Informationen oder Daten, insbesondere die Nutzung von Texten, [&hellip;]<\/p>\n","protected":false},"author":1,"featured_media":0,"parent":0,"menu_order":0,"comment_status":"closed","ping_status":"closed","template":"","meta":{"_acf_changed":false,"footnotes":""},"class_list":["post-446","page","type-page","status-publish","hentry"],"acf":[],"_links":{"self":[{"href":"https:\/\/www.cozy-van-dorle.com\/en\/wp-json\/wp\/v2\/pages\/446","targetHints":{"allow":["GET"]}}],"collection":[{"href":"https:\/\/www.cozy-van-dorle.com\/en\/wp-json\/wp\/v2\/pages"}],"about":[{"href":"https:\/\/www.cozy-van-dorle.com\/en\/wp-json\/wp\/v2\/types\/page"}],"author":[{"embeddable":true,"href":"https:\/\/www.cozy-van-dorle.com\/en\/wp-json\/wp\/v2\/users\/1"}],"replies":[{"embeddable":true,"href":"https:\/\/www.cozy-van-dorle.com\/en\/wp-json\/wp\/v2\/comments?post=446"}],"version-history":[{"count":4,"href":"https:\/\/www.cozy-van-dorle.com\/en\/wp-json\/wp\/v2\/pages\/446\/revisions"}],"predecessor-version":[{"id":1103,"href":"https:\/\/www.cozy-van-dorle.com\/en\/wp-json\/wp\/v2\/pages\/446\/revisions\/1103"}],"wp:attachment":[{"href":"https:\/\/www.cozy-van-dorle.com\/en\/wp-json\/wp\/v2\/media?parent=446"}],"curies":[{"name":"wp","href":"https:\/\/api.w.org\/{rel}","templated":true}]}}