{"id":450,"date":"2024-07-10T10:11:52","date_gmt":"2024-07-10T08:11:52","guid":{"rendered":"https:\/\/www.cozy-van-dorle.com\/versandarten\/"},"modified":"2024-07-24T18:09:04","modified_gmt":"2024-07-24T16:09:04","slug":"versand","status":"publish","type":"page","link":"https:\/\/www.cozy-van-dorle.com\/en\/versand\/","title":{"rendered":"Shipping &amp; Returns"},"content":{"rendered":"<h2 class=\"wp-block-heading\">Shipping<\/h2>\n\n\n\n<p>Standard shipping is free for you. Our standard shipping is reliable and fast. Depending on the availability of the products, delivery usually takes only 1-3 business days.<\/p>\n\n\n\n<h2 class=\"wp-block-heading\">Returns<\/h2>\n\n\n\n<p>In the event of a product return, you can request a free return label by sending an email to <a href=\"mailto:retoure@cozy-van-dorle.com\">retoure@cozy-van-dorle.com<\/a> with your order number. You can return the flawless, undamaged, and unworn goods within 14 days of receipt. Refunds will automatically be processed to the account used for payment.<\/p>\n\n\n\n<p><\/p>","protected":false},"excerpt":{"rendered":"<p>Versand Der Standardversand ist f\u00fcr Sie kostenlos. Unser Standardversand erfolgt zuverl\u00e4ssig und schnell. Abh\u00e4ngig von der Verf\u00fcgbarkeit der Produkte betr\u00e4gt die Lieferzeit in der Regel nur 1-3 Werktage. R\u00fcckgabe Im Fall einer Warenr\u00fccksendung k\u00f6nnen Sie ein kostenloses Retouren-Etikett anfordern. Schicken Sie eine E-Mail an retoure@cozy-van-dorle.com unter der Angabe Ihrer Bestellnummer. Sie k\u00f6nnen die einwandfreie, unbesch\u00e4digte [&hellip;]<\/p>\n","protected":false},"author":1,"featured_media":0,"parent":0,"menu_order":0,"comment_status":"closed","ping_status":"closed","template":"","meta":{"_acf_changed":false,"footnotes":""},"class_list":["post-450","page","type-page","status-publish","hentry"],"acf":[],"_links":{"self":[{"href":"https:\/\/www.cozy-van-dorle.com\/en\/wp-json\/wp\/v2\/pages\/450","targetHints":{"allow":["GET"]}}],"collection":[{"href":"https:\/\/www.cozy-van-dorle.com\/en\/wp-json\/wp\/v2\/pages"}],"about":[{"href":"https:\/\/www.cozy-van-dorle.com\/en\/wp-json\/wp\/v2\/types\/page"}],"author":[{"embeddable":true,"href":"https:\/\/www.cozy-van-dorle.com\/en\/wp-json\/wp\/v2\/users\/1"}],"replies":[{"embeddable":true,"href":"https:\/\/www.cozy-van-dorle.com\/en\/wp-json\/wp\/v2\/comments?post=450"}],"version-history":[{"count":1,"href":"https:\/\/www.cozy-van-dorle.com\/en\/wp-json\/wp\/v2\/pages\/450\/revisions"}],"predecessor-version":[{"id":693,"href":"https:\/\/www.cozy-van-dorle.com\/en\/wp-json\/wp\/v2\/pages\/450\/revisions\/693"}],"wp:attachment":[{"href":"https:\/\/www.cozy-van-dorle.com\/en\/wp-json\/wp\/v2\/media?parent=450"}],"curies":[{"name":"wp","href":"https:\/\/api.w.org\/{rel}","templated":true}]}}